{"id":7,"date":"2018-01-30T21:58:27","date_gmt":"2018-01-30T20:58:27","guid":{"rendered":"http:\/\/192.168.1.14\/wordpress\/?page_id=4"},"modified":"2025-08-11T13:01:27","modified_gmt":"2025-08-11T11:01:27","slug":"o-kapele","status":"publish","type":"page","link":"https:\/\/www.tokyo-band.cz\/","title":{"rendered":"O kapele TOKYO"},"content":{"rendered":"\n<p class=\"has-medium-font-size\">Tvorba TOKYA v s\u00edt\u00edch<\/p>\n\n\n\n<p><a href=\"https:\/\/www.youtube.com\/@KAPELA_TOKYO\">Kan\u00e1l YouTube<\/a> <br><a href=\"https:\/\/www.facebook.com\/kapela.tokyo\/\">Profil kapely FaceBook<\/a><br><a href=\"https:\/\/open.spotify.com\/artist\/0Okc5lPxg8fy6uzb4i6WQp?si=TOQBkXH0SCu59OxHZIolvw\">Hudba na Spotify<\/a><\/p>\n\n\n<h1>TOKYO &#8211; legend\u00e1rn\u00ed zl\u00ednsk\u00e1 kapela<\/h1>\n<div>vznikla kolem roku 2000 a hned od po\u010d\u00e1tku se tato formace za\u0159adila mezi zlat\u00fd fond evropsk\u00e9ho kulturn\u00edho d\u011bdictv\u00ed.\u00a0 Laskav\u00e9 melodie, citliv\u00e9 texty, energizuj\u00edc\u00ed a strhuj\u00edc\u00ed hudebn\u00ed pod\u00e1n\u00ed \u2013 to v\u0161e ze setk\u00e1n\u00ed s TOKYEM\u00a0d\u011bl\u00e1 nev\u0161edn\u00ed\u00a0 hudebn\u00ed z\u00e1\u017eitek.<\/div>\n<div>\u00a0<\/div>\n<h2>Kapela<\/h2>\n<div id='gallery-1' class='gallery galleryid-7 gallery-columns-3 gallery-size-thumbnail'><figure class='gallery-item'>\n\t\t\t<div class='gallery-icon landscape'>\n\t\t\t\t<a href='https:\/\/www.tokyo-band.cz\/529723314_122258696090025321_7891398323404129403_n\/'><img loading=\"lazy\" decoding=\"async\" width=\"150\" height=\"150\" src=\"https:\/\/www.tokyo-band.cz\/wp-content\/uploads\/2025\/08\/529723314_122258696090025321_7891398323404129403_n-150x150.jpg\" class=\"attachment-thumbnail size-thumbnail\" alt=\"\" aria-describedby=\"gallery-1-1447\" srcset=\"https:\/\/www.tokyo-band.cz\/wp-content\/uploads\/2025\/08\/529723314_122258696090025321_7891398323404129403_n-150x150.jpg 150w, https:\/\/www.tokyo-band.cz\/wp-content\/uploads\/2025\/08\/529723314_122258696090025321_7891398323404129403_n-100x100.jpg 100w\" sizes=\"auto, 100vw\" \/><\/a>\n\t\t\t<\/div>\n\t\t\t\t<figcaption class='wp-caption-text gallery-caption' id='gallery-1-1447'>\n\t\t\t\tMartin &#8222;PIGALE&#8220; Lyson\u011bk\n\t\t\t\t<\/figcaption><\/figure><figure class='gallery-item'>\n\t\t\t<div class='gallery-icon portrait'>\n\t\t\t\t<a href='https:\/\/www.tokyo-band.cz\/2e4a1407\/'><img loading=\"lazy\" decoding=\"async\" width=\"150\" height=\"150\" src=\"https:\/\/www.tokyo-band.cz\/wp-content\/uploads\/2023\/11\/2E4A1407-150x150.jpg\" class=\"attachment-thumbnail size-thumbnail\" alt=\"\" aria-describedby=\"gallery-1-1256\" srcset=\"https:\/\/www.tokyo-band.cz\/wp-content\/uploads\/2023\/11\/2E4A1407-150x150.jpg 150w, https:\/\/www.tokyo-band.cz\/wp-content\/uploads\/2023\/11\/2E4A1407-100x100.jpg 100w\" sizes=\"auto, 100vw\" \/><\/a>\n\t\t\t<\/div>\n\t\t\t\t<figcaption class='wp-caption-text gallery-caption' id='gallery-1-1256'>\n\t\t\t\tMark\u00e9ta Vodi\u010dkov\u00e1 &#8211; zp\u011bv\n\t\t\t\t<\/figcaption><\/figure><figure class='gallery-item'>\n\t\t\t<div class='gallery-icon landscape'>\n\t\t\t\t<a href='https:\/\/www.tokyo-band.cz\/2e4a1476\/'><img loading=\"lazy\" decoding=\"async\" width=\"150\" height=\"150\" src=\"https:\/\/www.tokyo-band.cz\/wp-content\/uploads\/2023\/11\/2E4A1476-150x150.jpg\" class=\"attachment-thumbnail size-thumbnail\" alt=\"\" aria-describedby=\"gallery-1-1285\" srcset=\"https:\/\/www.tokyo-band.cz\/wp-content\/uploads\/2023\/11\/2E4A1476-150x150.jpg 150w, https:\/\/www.tokyo-band.cz\/wp-content\/uploads\/2023\/11\/2E4A1476-100x100.jpg 100w\" sizes=\"auto, 100vw\" \/><\/a>\n\t\t\t<\/div>\n\t\t\t\t<figcaption class='wp-caption-text gallery-caption' id='gallery-1-1285'>\n\t\t\t\tPetr Hoffmann &#8211; kytara\n\t\t\t\t<\/figcaption><\/figure><figure class='gallery-item'>\n\t\t\t<div class='gallery-icon landscape'>\n\t\t\t\t<a href='https:\/\/www.tokyo-band.cz\/2e4a1468\/'><img loading=\"lazy\" decoding=\"async\" width=\"150\" height=\"150\" src=\"https:\/\/www.tokyo-band.cz\/wp-content\/uploads\/2023\/11\/2E4A1468-150x150.jpg\" class=\"attachment-thumbnail size-thumbnail\" alt=\"\" aria-describedby=\"gallery-1-1280\" srcset=\"https:\/\/www.tokyo-band.cz\/wp-content\/uploads\/2023\/11\/2E4A1468-150x150.jpg 150w, https:\/\/www.tokyo-band.cz\/wp-content\/uploads\/2023\/11\/2E4A1468-100x100.jpg 100w\" sizes=\"auto, 100vw\" \/><\/a>\n\t\t\t<\/div>\n\t\t\t\t<figcaption class='wp-caption-text gallery-caption' id='gallery-1-1280'>\n\t\t\t\tPavel proch\u00e1zka &#8211; kl\u00e1vesy\n\t\t\t\t<\/figcaption><\/figure><figure class='gallery-item'>\n\t\t\t<div class='gallery-icon landscape'>\n\t\t\t\t<a href='https:\/\/www.tokyo-band.cz\/2e4a1482\/'><img loading=\"lazy\" decoding=\"async\" width=\"150\" height=\"150\" src=\"https:\/\/www.tokyo-band.cz\/wp-content\/uploads\/2023\/11\/2E4A1482-150x150.jpg\" class=\"attachment-thumbnail size-thumbnail\" alt=\"\" aria-describedby=\"gallery-1-1287\" srcset=\"https:\/\/www.tokyo-band.cz\/wp-content\/uploads\/2023\/11\/2E4A1482-150x150.jpg 150w, https:\/\/www.tokyo-band.cz\/wp-content\/uploads\/2023\/11\/2E4A1482-100x100.jpg 100w\" sizes=\"auto, 100vw\" \/><\/a>\n\t\t\t<\/div>\n\t\t\t\t<figcaption class='wp-caption-text gallery-caption' id='gallery-1-1287'>\n\t\t\t\tMarek \u0160lapansk\u00fd &#8211; bic\u00ed, perkuse\n\t\t\t\t<\/figcaption><\/figure><figure class='gallery-item'>\n\t\t\t<div class='gallery-icon portrait'>\n\t\t\t\t<a href='https:\/\/www.tokyo-band.cz\/529704168_122258695796025321_6599297562867506840_n\/'><img loading=\"lazy\" decoding=\"async\" width=\"150\" height=\"150\" src=\"https:\/\/www.tokyo-band.cz\/wp-content\/uploads\/2025\/08\/529704168_122258695796025321_6599297562867506840_n-150x150.jpg\" class=\"attachment-thumbnail size-thumbnail\" alt=\"Zuzana Bedna\u0159\u00edkov\u00e1\" srcset=\"https:\/\/www.tokyo-band.cz\/wp-content\/uploads\/2025\/08\/529704168_122258695796025321_6599297562867506840_n-150x150.jpg 150w, https:\/\/www.tokyo-band.cz\/wp-content\/uploads\/2025\/08\/529704168_122258695796025321_6599297562867506840_n-100x100.jpg 100w\" sizes=\"auto, 100vw\" \/><\/a>\n\t\t\t<\/div><\/figure><figure class='gallery-item'>\n\t\t\t<div class='gallery-icon portrait'>\n\t\t\t\t<a href='https:\/\/www.tokyo-band.cz\/or8a0151tokio-2024\/'><img loading=\"lazy\" decoding=\"async\" width=\"150\" height=\"150\" src=\"https:\/\/www.tokyo-band.cz\/wp-content\/uploads\/2025\/01\/OR8A0151TOKIO-2024-150x150.jpg\" class=\"attachment-thumbnail size-thumbnail\" alt=\"Zden\u011bk Maru\u0161\u00e1k\" aria-describedby=\"gallery-1-1357\" srcset=\"https:\/\/www.tokyo-band.cz\/wp-content\/uploads\/2025\/01\/OR8A0151TOKIO-2024-150x150.jpg 150w, https:\/\/www.tokyo-band.cz\/wp-content\/uploads\/2025\/01\/OR8A0151TOKIO-2024-100x100.jpg 100w\" sizes=\"auto, 100vw\" \/><\/a>\n\t\t\t<\/div>\n\t\t\t\t<figcaption class='wp-caption-text gallery-caption' id='gallery-1-1357'>\n\t\t\t\tZden\u011bk Maru\u0161\u00e1k &#8211;  saxofony, klarinet\n\t\t\t\t<\/figcaption><\/figure>\n\t\t<\/div>\n\n<p>Ko\u0159eny p\u00edsni\u010dek m\u016f\u017eeme nal\u00e9zt v poctiv\u00e9m \u010desk\u00e9m a slovensk\u00e9m big-beatu, v tvorb\u011b folkov\u00fdch bard\u016f, v latinsko-americk\u00e9 rytmice, country, jazzu, rocku i v moravsk\u00fdch zlidov\u011bl\u00fdch p\u00edsn\u00edch Fano\u0161e Mikuleck\u00e9ho.<br \/>Texty jsou \u010dasto p\u011bkn\u011b r\u00fdmovan\u00e9, m\u00edvaj\u00ed hlavu i patu, ale ob\u010das jsou to vysloven\u011b blbosti. P\u0159esto v\u017edy odr\u00e1\u017eej\u00ed b\u011b\u017en\u00e9 denn\u00ed starosti i radosti pr\u016fm\u011brn\u00e9ho vesel\u00e9ho \u010dlov\u011bka.<\/p>\n<figure id=\"attachment_510\" aria-describedby=\"caption-attachment-510\" style=\"width: 300px\" class=\"wp-caption alignnone\"><img loading=\"lazy\" decoding=\"async\" class=\"size-medium wp-image-510\" src=\"https:\/\/www.tokyo-band.cz\/wp-content\/uploads\/2018\/02\/TOKYO-plaka\u0301t-300x225.jpg\" alt=\"TOKYO - plaka\u0301t\" width=\"300\" height=\"225\" srcset=\"https:\/\/www.tokyo-band.cz\/wp-content\/uploads\/2018\/02\/TOKYO-plaka\u0301t-300x225.jpg 300w, https:\/\/www.tokyo-band.cz\/wp-content\/uploads\/2018\/02\/TOKYO-plaka\u0301t-768x576.jpg 768w, https:\/\/www.tokyo-band.cz\/wp-content\/uploads\/2018\/02\/TOKYO-plaka\u0301t-1024x768.jpg 1024w, https:\/\/www.tokyo-band.cz\/wp-content\/uploads\/2018\/02\/TOKYO-plaka\u0301t.jpg 1159w\" sizes=\"auto, (max-width: 300px) 100vw, 300px\" \/><figcaption id=\"caption-attachment-510\" class=\"wp-caption-text\">TOKYO &#8211; historick\u00fd plaka\u0301t<\/figcaption><\/figure>\n<p>Kapela svou barevnost stav\u00ed na souzvuku n\u00e1stroj\u016f obvykl\u00fdch v rockov\u00fdch t\u011blesech \u2013 rytmika dr\u017een\u00e1 bic\u00edmi <strong>Marka \u0160lapansk\u00e9ho<\/strong> a baskytarou <strong>Jakuba Lutnera (Zuzany Bedna\u0159\u00edkov\u00e9)<\/strong>, podpo\u0159en\u00e1 zp\u011bvnou a n\u00e1paditou s\u00f3lovou kytarou <strong>Petra Hoffmanna (Martina Lyso\u0148ka ml.)<\/strong>, ob\u010das p\u0159itvrzen\u00e1 doprovodkou kapeln\u00edka <strong>Martina<\/strong> ( <strong>PIGALE<\/strong>). Hudbou se propl\u00e9t\u00e1 klav\u00edr <strong>Pavla Proch\u00e1zky<\/strong> a nad n\u00ed se tu a tam vyklene duha z trubky\u00a0 <strong>Franti\u0161ka Slav\u00edka, <\/strong>nebo saxofonu<strong> Zde\u0148ka Maru\u0161\u00e1ka<\/strong>.<\/p>\n<p>Nad v\u0161\u00edm se klene zp\u011bv, kter\u00fd kultivuje a umoc\u0148uje <strong>Mark\u00e9ta Vodi\u010dkov\u00e1<\/strong>.<\/p>\n<h2>Historie<\/h2>\n<p>V ned\u00e1vn\u00e9 minulosti s kapelou vystupoval na postu baskytaristy <strong>Dave Mendez<\/strong>, skv\u011bl\u00fd anglick\u00fd muzikant, pedagog a charismatick\u00fd\u00a0\u010dlov\u011bk.<\/p>\n<figure id=\"attachment_201\" aria-describedby=\"caption-attachment-201\" style=\"width: 200px\" class=\"wp-caption alignnone\"><img loading=\"lazy\" decoding=\"async\" class=\"size-medium wp-image-201\" src=\"https:\/\/www.tokyo-band.cz\/wp-content\/uploads\/2018\/02\/IMG_7133-200x300.jpg\" alt=\"Dave Mendez\" width=\"200\" height=\"300\" srcset=\"https:\/\/www.tokyo-band.cz\/wp-content\/uploads\/2018\/02\/IMG_7133-200x300.jpg 200w, https:\/\/www.tokyo-band.cz\/wp-content\/uploads\/2018\/02\/IMG_7133.jpg 320w\" sizes=\"auto, (max-width: 200px) 100vw, 200px\" \/><figcaption id=\"caption-attachment-201\" class=\"wp-caption-text\">Dave Mendez (basa). Charizmatick\u00fd hr\u00e1\u010d s neskute\u010dn\u00fdm groovem, milovn\u00edk Stinga a p\u016fvodn\u011b z Lond\u00fdna. Hraje v \u0159ad\u011b dal\u0161\u00edch kapel, p\u0159edev\u0161\u00edm v Praze.<\/figcaption><\/figure>\n<p>Ob\u010das kapela oko\u0159en\u00ed koncerty zaj\u00edmav\u00fdmi hosty, kte\u0159\u00ed jej\u00ed barevnost je\u0161t\u011b zn\u00e1sobuj\u00ed. Vzpome\u0148me\u00a0vystoupen\u00ed s akordeonistou Vojtou Szab\u00f3, d\u0159\u00edve, je\u0161t\u011b pod n\u00e1zvem \u00daLET, kapela hr\u00e1la s Vlastou Redlem, Karlem Markyt\u00e1nem a dal\u0161\u00edmi p\u0159edn\u00edmi um\u011blci, ale na sl\u00e1v\u011b j\u00ed to nep\u0159idalo nic.<\/p>\n<p>Nej\u010dast\u011bj\u0161\u00edm a obl\u00edben\u00fdm m\u00edstem, kde m\u016f\u017eete TOKYO spat\u0159it a sly\u0161et, je zl\u00ednsk\u00e1 \u0160opa, kde ka\u017edoro\u010dn\u011b aspo\u0148 jednou vystoup\u00ed.<\/p>\n<p>Zakladatel\u00e9 o sob\u011b prohla\u0161uj\u00ed:<\/p>\n<p><em>\u201eNejsme u\u017e mlad\u00ed, nejsme popul\u00e1rn\u00ed, m\u016f\u017eeme si d\u011blat, co se n\u00e1m zl\u00edb\u00ed a vlastn\u011b nic d\u011blat nemus\u00edme. Tak\u017ee je to \u010dist\u00e1 radost z hudby a slov. A pokud to n\u011bkoho z poslucha\u010d\u016f nav\u00edc bav\u00ed &#8211; je sv\u011bt st\u00e1le je\u0161t\u011b v po\u0159\u00e1dku.\u201c<\/em><\/p>\n<p>To je TOKYO<\/p>\n<h2>\u00daLET<\/h2>\n<p>P\u0159edch\u016fdcem TOKYA byl fenomen\u00e1ln\u00ed \u00daLET, kter\u00fd hr\u00e1l na zl\u00ednsk\u00e9 sc\u00e9n\u011b od roku 1989, kapelou pro\u0161li tito muzikanti a muzikantky<\/p>\n<ul>\n<li>Pigale (Martin Lyson\u011bk) (kytara, zp\u011bv)<\/li>\n<li>Marek \u0160lapansk\u00fd (bic\u00ed)<\/li>\n<li>Viktor Koz\u00e1nek (cello, kl\u00e1vesy)<\/li>\n<li>Petr \u0160kubala (basa)<\/li>\n<li>Monika Ba\u010furov\u00e1 &#8211; \u0160onkov\u00e1 (kl\u00e1vesy)<\/li>\n<li>&#8222;\u017dofie&#8220; Lenka Rafajov\u00e1 (zp\u011bv)<\/li>\n<li>Martina Fil\u00edpkov\u00e1 (kl\u00e1vesy)<\/li>\n<li>Roman D\u011bdek (kl\u00e1vesy)<\/li>\n<li>Ji\u0159\u00ed Ro\u010d\u0148\u00e1k (basa)<\/li>\n<\/ul>\n<figure id=\"attachment_511\" aria-describedby=\"caption-attachment-511\" style=\"width: 300px\" class=\"wp-caption alignnone\"><img loading=\"lazy\" decoding=\"async\" class=\"size-medium wp-image-511\" src=\"https:\/\/www.tokyo-band.cz\/wp-content\/uploads\/2018\/02\/U\u0301let-plaka\u0301t-300x300.jpg\" alt=\"U\u0301let- plaka\u0301t\" width=\"300\" height=\"300\" srcset=\"https:\/\/www.tokyo-band.cz\/wp-content\/uploads\/2018\/02\/U\u0301let-plaka\u0301t-300x300.jpg 300w, https:\/\/www.tokyo-band.cz\/wp-content\/uploads\/2018\/02\/U\u0301let-plaka\u0301t-150x150.jpg 150w, https:\/\/www.tokyo-band.cz\/wp-content\/uploads\/2018\/02\/U\u0301let-plaka\u0301t-768x768.jpg 768w, https:\/\/www.tokyo-band.cz\/wp-content\/uploads\/2018\/02\/U\u0301let-plaka\u0301t-100x100.jpg 100w, https:\/\/www.tokyo-band.cz\/wp-content\/uploads\/2018\/02\/U\u0301let-plaka\u0301t.jpg 869w\" sizes=\"auto, (max-width: 300px) 100vw, 300px\" \/><figcaption id=\"caption-attachment-511\" class=\"wp-caption-text\">U\u0301let- plaka\u0301t<\/figcaption><\/figure>\n<p>Kapela se zprvu v\u011bnovala velmi alternativn\u00ed hudb\u011b, rockov\u00fd zvuk ozvl\u00e1\u0161tnilo cello Viktora Koz\u00e1nka (R\u016f\u017eov\u00e9 my\u0161i, VSP, Smy\u010dec) a posl\u00e9ze za\u010dala zapadat st\u00e1le v\u00edce do bahna popov\u00e9ho proudu. P\u0159esto u\u017e tehdy skladbami probleskovaly latinsk\u00e9 rytmy (Samba, Mot\u00fdlci), v\u0161udep\u0159\u00edtomn\u00fd jazz (Viktorka) a jemn\u00e9 n\u00e1znaky country (P\u0159edstav si).<\/p>\n<figure id=\"attachment_668\" aria-describedby=\"caption-attachment-668\" style=\"width: 300px\" class=\"wp-caption alignnone\"><img loading=\"lazy\" decoding=\"async\" class=\"size-medium wp-image-668\" src=\"https:\/\/www.tokyo-band.cz\/wp-content\/uploads\/2018\/02\/U\u0301LET-Petr-S\u030ckubala-300x222.jpg\" alt=\"Petr S\u030ckubala\" width=\"300\" height=\"222\" srcset=\"https:\/\/www.tokyo-band.cz\/wp-content\/uploads\/2018\/02\/U\u0301LET-Petr-S\u030ckubala-300x222.jpg 300w, https:\/\/www.tokyo-band.cz\/wp-content\/uploads\/2018\/02\/U\u0301LET-Petr-S\u030ckubala-768x568.jpg 768w, https:\/\/www.tokyo-band.cz\/wp-content\/uploads\/2018\/02\/U\u0301LET-Petr-S\u030ckubala-1024x757.jpg 1024w, https:\/\/www.tokyo-band.cz\/wp-content\/uploads\/2018\/02\/U\u0301LET-Petr-S\u030ckubala.jpg 1894w\" sizes=\"auto, (max-width: 300px) 100vw, 300px\" \/><figcaption id=\"caption-attachment-668\" class=\"wp-caption-text\">Petr S\u030ckubala<\/figcaption><\/figure>\n<p>V t\u00e9to dob\u011b vznikaj\u00ed mnoh\u00e9 legend\u00e1rn\u00ed p\u00edsn\u011b, kter\u00e9 TOKYO hraje dodnes (Listopad, Samba, P\u0159edstav si, Panenka sk\u00e1kav\u00e1), n\u011bkter\u00e9 surov\u00e9 kameny p\u00edsn\u00ed z t\u00e9 doby teprve ned\u00e1vno kapela vybrousila do podoby hrateln\u00e9ho diamantu (A\u017e se ti bude o mn\u011b zd\u00e1t, K r\u00e1nu).<\/p>\n<p><iframe loading=\"lazy\" src=\"https:\/\/w.soundcloud.com\/player\/?url=https%3A\/\/soundcloud.com\/kapela-tokyo\/sets\/ulet&amp;auto_play=false&amp;hide_related=false&amp;show_comments=true&amp;show_user=false&amp;show_reposts=false&amp;visual=true\" width=\"100%\" height=\"auto\" frameborder=\"no\" scrolling=\"no\"><\/iframe><\/p>\n<p>\u00daLET si ob\u010das zpest\u0159il reperto\u00e1r p\u0159evzat\u00fdmi skladbami mistr\u016f (Shadows in the rain (Sting), Digging in the dirt (P. Gabriel), Stojat\u00fd tul\u00e1k (D. Ursini)) a procestovala velkou \u010d\u00e1st klub\u016f \u010ceska a Moravy.<\/p>\n<h2>KOU\u0158OV\u00c1 CLONA<\/h2>\n<p><img loading=\"lazy\" decoding=\"async\" class=\"size-medium wp-image-509\" style=\"font-weight: bold; font-size: 0.8125rem;\" src=\"https:\/\/www.tokyo-band.cz\/wp-content\/uploads\/2018\/02\/Kour\u030cova\u0301-clona-plaka\u0301t-300x225.jpg\" alt=\"Kour\u030cova\u0301 clona - plaka\u0301t\" width=\"300\" height=\"225\" srcset=\"https:\/\/www.tokyo-band.cz\/wp-content\/uploads\/2018\/02\/Kour\u030cova\u0301-clona-plaka\u0301t-300x225.jpg 300w, https:\/\/www.tokyo-band.cz\/wp-content\/uploads\/2018\/02\/Kour\u030cova\u0301-clona-plaka\u0301t-768x576.jpg 768w, https:\/\/www.tokyo-band.cz\/wp-content\/uploads\/2018\/02\/Kour\u030cova\u0301-clona-plaka\u0301t-1024x768.jpg 1024w, https:\/\/www.tokyo-band.cz\/wp-content\/uploads\/2018\/02\/Kour\u030cova\u0301-clona-plaka\u0301t.jpg 1159w\" sizes=\"auto, (max-width: 300px) 100vw, 300px\" \/><\/p>\n<p>Kour\u030cova\u0301 clona &#8211; plaka\u0301t<\/p>\n<p>Prvopo\u010d\u00e1tkem hudebn\u00ed legendy je ale studentsk\u00e1 metalov\u00e1 formace KOU\u0158OV\u00c1 CLONA. Ta se zrodila v prostor\u00e1ch Gymn\u00e1zia Gottwaldov n\u011bkdy na konci roku 1985. Hr\u00e1la a u\u010dila se na p\u0159evzat\u00fdch peck\u00e1ch (El\u00e1n &#8211; Neviem by\u0165 s\u00e1m, Judas Priest &#8211;\u00a0 Breaking the law) a n\u00e1sledn\u011b za\u010dala tvo\u0159it i vlasn\u00ed p\u00edsn\u011b ovlivn\u011bn\u00e9 heavy metalem (Accept, Def Leppard) . Ob\u010das hr\u00e1la na tancova\u010dk\u00e1ch jako host velk\u00fdch hudebn\u00edk\u016f gottwaldovska, sem tam vystoupila na vlastn\u00edm koncert\u011b, hlavn\u011b pro spolu\u017e\u00e1ky a rodinn\u00e9 p\u0159\u00edslu\u0161n\u00edky, ale p\u0159edev\u0161\u00edm celou dobu snila o velk\u00fdch p\u00f3di\u00edch, hradb\u00e1ch Marshall\u016f a davech fanynek. I kdy\u017e se tento sen nikdy nenaplnil, zanechala v du\u0161\u00edch muzikant\u016f nezacelitelnou br\u00e1zdu a spoustu radosti z vlastn\u00ed tvorby.<\/p>\n<p>Nejv\u011bt\u0161\u00edm \u00fasp\u011bchem formace bylo jak\u00e9si okresn\u00ed v\u00edt\u011bzstv\u00ed v Mlad\u00e9 P\u00edsni 1988.<\/p>\n<figure id=\"attachment_508\" aria-describedby=\"caption-attachment-508\" style=\"width: 300px\" class=\"wp-caption alignnone\"><img loading=\"lazy\" decoding=\"async\" class=\"size-medium wp-image-508\" src=\"https:\/\/www.tokyo-band.cz\/wp-content\/uploads\/2018\/02\/Kour\u030cova\u0301-clona-Mlada\u0301-Pi\u0301sen\u030c-300x225.jpg\" alt=\"Kour\u030cova\u0301 clona - Mlada\u0301 Pi\u0301sen\u030c 1988\" width=\"300\" height=\"225\" srcset=\"https:\/\/www.tokyo-band.cz\/wp-content\/uploads\/2018\/02\/Kour\u030cova\u0301-clona-Mlada\u0301-Pi\u0301sen\u030c-300x225.jpg 300w, https:\/\/www.tokyo-band.cz\/wp-content\/uploads\/2018\/02\/Kour\u030cova\u0301-clona-Mlada\u0301-Pi\u0301sen\u030c-768x576.jpg 768w, https:\/\/www.tokyo-band.cz\/wp-content\/uploads\/2018\/02\/Kour\u030cova\u0301-clona-Mlada\u0301-Pi\u0301sen\u030c-1024x768.jpg 1024w, https:\/\/www.tokyo-band.cz\/wp-content\/uploads\/2018\/02\/Kour\u030cova\u0301-clona-Mlada\u0301-Pi\u0301sen\u030c.jpg 1159w\" sizes=\"auto, (max-width: 300px) 100vw, 300px\" \/><figcaption id=\"caption-attachment-508\" class=\"wp-caption-text\">Kour\u030cova\u0301 clona &#8211; Mlada\u0301 Pi\u0301sen\u030c 1988<\/figcaption><\/figure>\n<h3>Muzikanti<\/h3>\n<ul>\n<li>Martin Lyson\u011bk (kytara, zp\u011bv)<\/li>\n<li>Tom\u00e1\u0161 Richter (basa, zp\u011bv)<\/li>\n<li>Jarda Skyba (bic\u00ed, zp\u011bv)<\/li>\n<\/ul>","protected":false},"excerpt":{"rendered":"<p>Tvorba TOKYA v s\u00edt\u00edch TOKYO &#8211; legend\u00e1rn\u00ed zl\u00ednsk\u00e1 kapela vznikla kolem roku 2000 a hned od po\u010d\u00e1tku se tato formace za\u0159adila mezi zlat\u00fd fond evropsk\u00e9ho kulturn\u00edho d\u011bdictv\u00ed.\u00a0 Laskav\u00e9 melodie, citliv\u00e9 texty, energizuj\u00edc\u00ed a strhuj\u00edc\u00ed hudebn\u00ed pod\u00e1n\u00ed \u2013 to v\u0161e ze setk\u00e1n\u00ed s TOKYEM\u00a0d\u011bl\u00e1 nev\u0161edn\u00ed\u00a0 hudebn\u00ed z\u00e1\u017eitek. \u00a0 Kapela Ko\u0159eny p\u00edsni\u010dek m\u016f\u017eeme nal\u00e9zt v poctiv\u00e9m \u010desk\u00e9m &hellip; <\/p>\n<p class=\"link-more\"><a href=\"https:\/\/www.tokyo-band.cz\/\" class=\"more-link\">Pokra\u010dovat ve \u010dten\u00ed<span class=\"screen-reader-text\"> &#8222;O kapele TOKYO&#8220;<\/span><\/a><\/p>\n","protected":false},"author":2,"featured_media":1265,"parent":0,"menu_order":1,"comment_status":"closed","ping_status":"closed","template":"","meta":{"footnotes":""},"class_list":["post-7","page","type-page","status-publish","has-post-thumbnail","hentry"],"_links":{"self":[{"href":"https:\/\/www.tokyo-band.cz\/index.php\/wp-json\/wp\/v2\/pages\/7","targetHints":{"allow":["GET"]}}],"collection":[{"href":"https:\/\/www.tokyo-band.cz\/index.php\/wp-json\/wp\/v2\/pages"}],"about":[{"href":"https:\/\/www.tokyo-band.cz\/index.php\/wp-json\/wp\/v2\/types\/page"}],"author":[{"embeddable":true,"href":"https:\/\/www.tokyo-band.cz\/index.php\/wp-json\/wp\/v2\/users\/2"}],"replies":[{"embeddable":true,"href":"https:\/\/www.tokyo-band.cz\/index.php\/wp-json\/wp\/v2\/comments?post=7"}],"version-history":[{"count":40,"href":"https:\/\/www.tokyo-band.cz\/index.php\/wp-json\/wp\/v2\/pages\/7\/revisions"}],"predecessor-version":[{"id":1462,"href":"https:\/\/www.tokyo-band.cz\/index.php\/wp-json\/wp\/v2\/pages\/7\/revisions\/1462"}],"wp:featuredmedia":[{"embeddable":true,"href":"https:\/\/www.tokyo-band.cz\/index.php\/wp-json\/wp\/v2\/media\/1265"}],"wp:attachment":[{"href":"https:\/\/www.tokyo-band.cz\/index.php\/wp-json\/wp\/v2\/media?parent=7"}],"curies":[{"name":"wp","href":"https:\/\/api.w.org\/{rel}","templated":true}]}}